{"id":827,"date":"2022-03-06T04:40:19","date_gmt":"2022-03-06T04:40:19","guid":{"rendered":"https:\/\/themepure.net\/wp\/agronix\/?page_id=827"},"modified":"2025-08-21T08:59:04","modified_gmt":"2025-08-21T08:59:04","slug":"contact","status":"publish","type":"page","link":"https:\/\/phytodis.ma\/en\/contact\/","title":{"rendered":"Contact"},"content":{"rendered":"\t\t<div data-elementor-type=\"wp-page\" data-elementor-id=\"827\" class=\"elementor elementor-827\">\n\t\t\t\t\t\t<section class=\"elementor-section elementor-top-section elementor-element elementor-element-d455169 elementor-section-full_width elementor-section-height-default elementor-section-height-default\" data-id=\"d455169\" data-element_type=\"section\" data-e-type=\"section\">\n\t\t\t\t\t\t<div class=\"elementor-container elementor-column-gap-no\">\n\t\t\t\t\t<div class=\"elementor-column elementor-col-100 elementor-top-column elementor-element elementor-element-d8ab735\" data-id=\"d8ab735\" data-element_type=\"column\" data-e-type=\"column\">\n\t\t\t<div class=\"elementor-widget-wrap elementor-element-populated\">\n\t\t\t\t\t\t<div class=\"elementor-element elementor-element-48983ee elementor-widget elementor-widget-cf7 bdevs-el cf7\" data-id=\"48983ee\" data-element_type=\"widget\" data-e-type=\"widget\" data-settings=\"{&quot;design_style&quot;:&quot;style_3&quot;}\" data-widget_type=\"cf7.default\">\n\t\t\t\t<div class=\"elementor-widget-container\">\n\t\t\t\t\t        \r\n\r\n            <div class=\"tp-contact-area\">\r\n                <div class=\"container\">\r\n                    <div class=\"row\">\r\n                        <div class=\"col-lg-10\">\r\n                            <div class=\"tp-section-wrap\">\r\n                                                                    <span><i class=\"flaticon-grass\"><\/i><\/span>\r\n                                                                                                    <h3 class=\"tp-section-title\">Si vous avez la moindre question, n\u2019h\u00e9sitez pas \u00e0 nous contacter.<\/h3>\r\n                                                            <\/div>\r\n                        <\/div>\r\n                    <\/div>\r\n                    <div class=\"row mt-40\">\r\n                        <div class=\"col-lg-4\">\r\n                            <div class=\"row custom-mar-20\">\r\n                                                                    <div class=\"col-lg-12 col-md-4 col-sm-6\">\r\n                                        <div class=\"tp-contact-info mb-40\">\r\n                                            <div class=\"tp-contact-info-icon\">\r\n                                                                                                    <i class=\"bdevs-btn-icon fal fa-map-marker-alt\" aria-hidden=\"true\"><\/i>                                                                                            <\/div>\r\n                                            <div class=\"tp-contact-info-text\">\r\n                                                <h4 class=\"tp-contact-info-title mb-15\">Adresse<\/h4>\r\n                                                                                                    <p>Ouled berhil, Agadir<\/p>\r\n                                                \r\n                                                \r\n                                                                                            <\/div>\r\n                                        <\/div>\r\n                                    <\/div>\r\n                                                                    <div class=\"col-lg-12 col-md-4 col-sm-6\">\r\n                                        <div class=\"tp-contact-info mb-40\">\r\n                                            <div class=\"tp-contact-info-icon\">\r\n                                                                                                    <i class=\"bdevs-btn-icon fas fa-phone-alt\" aria-hidden=\"true\"><\/i>                                                                                            <\/div>\r\n                                            <div class=\"tp-contact-info-text\">\r\n                                                <h4 class=\"tp-contact-info-title mb-15\">T\u00e9l\u00e9phone<\/h4>\r\n                                                \r\n                                                                                                    <p><a href=\"tel:http:\/\/333888200-55\">333888200-55<\/a>\r\n                                                        <br> <a href=\"tel:http:\/\/444555300-25\">444555300-25<\/a>\r\n                                                    <\/p>\r\n                                                \r\n                                                                                            <\/div>\r\n                                        <\/div>\r\n                                    <\/div>\r\n                                                                    <div class=\"col-lg-12 col-md-4 col-sm-6\">\r\n                                        <div class=\"tp-contact-info mb-40\">\r\n                                            <div class=\"tp-contact-info-icon\">\r\n                                                                                                    <i class=\"bdevs-btn-icon fas fa-envelope-open\" aria-hidden=\"true\"><\/i>                                                                                            <\/div>\r\n                                            <div class=\"tp-contact-info-text\">\r\n                                                <h4 class=\"tp-contact-info-title mb-15\">Email<\/h4>\r\n                                                \r\n                                                \r\n                                                                                                    <p><a href=\"mailto:http:\/\/info@phytodis.ma\">info@phytodis.ma<\/a>\r\n                                                        <br> <a href=\"mailto:\"><\/a>\r\n                                                    <\/p>\r\n                                                                                            <\/div>\r\n                                        <\/div>\r\n                                    <\/div>\r\n                                                            <\/div>\r\n                        <\/div>\r\n                        <div class=\"col-lg-8\">\r\n                            <div class=\"tp-contact-form\">\r\n                                \n<div class=\"wpcf7 no-js\" id=\"wpcf7-f1110-o1\" lang=\"fr-FR\" dir=\"ltr\" data-wpcf7-id=\"1110\">\n<div class=\"screen-reader-response\"><p role=\"status\" aria-live=\"polite\" aria-atomic=\"true\"><\/p> <ul><\/ul><\/div>\n<form action=\"\/en\/wp-json\/wp\/v2\/pages\/827#wpcf7-f1110-o1\" method=\"post\" class=\"wpcf7-form init bdevs-cf7-form\" aria-label=\"Formulaire de contact\" novalidate=\"novalidate\" data-status=\"init\">\n<fieldset class=\"hidden-fields-container\"><input type=\"hidden\" name=\"_wpcf7\" value=\"1110\" \/><input type=\"hidden\" name=\"_wpcf7_version\" value=\"6.1.1\" \/><input type=\"hidden\" name=\"_wpcf7_locale\" value=\"fr_FR\" \/><input type=\"hidden\" name=\"_wpcf7_unit_tag\" value=\"wpcf7-f1110-o1\" \/><input type=\"hidden\" name=\"_wpcf7_container_post\" value=\"0\" \/><input type=\"hidden\" name=\"_wpcf7_posted_data_hash\" value=\"\" \/><input type=\"hidden\" name=\"lang\" value=\"en\" \/>\n<\/fieldset>\n<p><span class=\"wpcf7-form-control-wrap\" data-name=\"tel-803\"><input size=\"40\" maxlength=\"400\" class=\"wpcf7-form-control wpcf7-tel wpcf7-text wpcf7-validates-as-tel\" aria-invalid=\"false\" value=\"\" type=\"tel\" name=\"tel-803\" \/><\/span>\n<\/p>\n<p><label> Votre Nom<br \/>\n<span class=\"wpcf7-form-control-wrap\" data-name=\"your-name\"><input size=\"40\" maxlength=\"400\" class=\"wpcf7-form-control wpcf7-text wpcf7-validates-as-required\" autocomplete=\"name\" aria-required=\"true\" aria-invalid=\"false\" value=\"\" type=\"text\" name=\"your-name\" \/><\/span> <\/label>\n<\/p>\n<p><label> T\u00e9l<br \/>\n<span class=\"wpcf7-form-control-wrap\" data-name=\"tel-803\"><input size=\"40\" maxlength=\"400\" class=\"wpcf7-form-control wpcf7-tel wpcf7-validates-as-required wpcf7-text wpcf7-validates-as-tel\" aria-required=\"true\" aria-invalid=\"false\" value=\"\" type=\"tel\" name=\"tel-803\" \/><\/span> <\/label>\n<\/p>\n<p><label> E-mail<br \/>\n<span class=\"wpcf7-form-control-wrap\" data-name=\"your-email\"><input size=\"40\" maxlength=\"400\" class=\"wpcf7-form-control wpcf7-email wpcf7-text wpcf7-validates-as-email\" autocomplete=\"email\" aria-invalid=\"false\" value=\"\" type=\"email\" name=\"your-email\" \/><\/span> <\/label>\n<\/p>\n<p><label> Sujet<br \/>\n<span class=\"wpcf7-form-control-wrap\" data-name=\"your-subject\"><input size=\"40\" maxlength=\"400\" class=\"wpcf7-form-control wpcf7-text wpcf7-validates-as-required\" aria-required=\"true\" aria-invalid=\"false\" value=\"\" type=\"text\" name=\"your-subject\" \/><\/span> <\/label>\n<\/p>\n<p><label> Message<br \/>\n<span class=\"wpcf7-form-control-wrap\" data-name=\"your-message\"><textarea cols=\"40\" rows=\"10\" maxlength=\"2000\" class=\"wpcf7-form-control wpcf7-textarea\" aria-invalid=\"false\" name=\"your-message\"><\/textarea><\/span> <\/label>\n<\/p>\n<p><input class=\"wpcf7-form-control wpcf7-submit has-spinner\" type=\"submit\" value=\"Submit\" \/>\n<\/p><div class=\"wpcf7-response-output\" aria-hidden=\"true\"><\/div>\n<\/form>\n<\/div>\n                            <\/div>\r\n                        <\/div>\r\n                    <\/div>\r\n                <\/div>\r\n            <\/div>\r\n\r\n\r\n        \r\n\r\n\t\t\t\t<\/div>\n\t\t\t\t<\/div>\n\t\t\t\t\t<\/div>\n\t\t<\/div>\n\t\t\t\t\t<\/div>\n\t\t<\/section>\n\t\t\t\t<section class=\"elementor-section elementor-top-section elementor-element elementor-element-0a2f1a5 elementor-section-boxed elementor-section-height-default elementor-section-height-default\" data-id=\"0a2f1a5\" data-element_type=\"section\" data-e-type=\"section\">\n\t\t\t\t\t\t<div class=\"elementor-container elementor-column-gap-no\">\n\t\t\t\t\t<div class=\"elementor-column elementor-col-100 elementor-top-column elementor-element elementor-element-6a7adc7\" data-id=\"6a7adc7\" data-element_type=\"column\" data-e-type=\"column\">\n\t\t\t<div class=\"elementor-widget-wrap elementor-element-populated\">\n\t\t\t\t\t\t<div class=\"elementor-element elementor-element-8c6883c elementor-widget elementor-widget-google_maps\" data-id=\"8c6883c\" data-element_type=\"widget\" data-e-type=\"widget\" data-widget_type=\"google_maps.default\">\n\t\t\t\t\t\t\t<div class=\"elementor-custom-embed\">\n\t\t\t<iframe loading=\"lazy\"\n\t\t\t\t\tsrc=\"https:\/\/maps.google.com\/maps?q=London%20Eye%2C%20London%2C%20United%20Kingdom&#038;t=m&#038;z=10&#038;output=embed&#038;iwloc=near\"\n\t\t\t\t\ttitle=\"London Eye, London, United Kingdom\"\n\t\t\t\t\taria-label=\"London Eye, London, United Kingdom\"\n\t\t\t><\/iframe>\n\t\t<\/div>\n\t\t\t\t\t\t<\/div>\n\t\t\t\t\t<\/div>\n\t\t<\/div>\n\t\t\t\t\t<\/div>\n\t\t<\/section>\n\t\t\t\t<\/div>\n\t\t","protected":false},"excerpt":{"rendered":"<p>Si vous avez la moindre question, n\u2019h\u00e9sitez pas \u00e0 nous contacter. Adresse Ouled berhil, Agadir T\u00e9l\u00e9phone 333888200-55 444555300-25 Email info@phytodis.ma Your name Your email Subject Your message (optional)<\/p>\n","protected":false},"author":1,"featured_media":0,"parent":0,"menu_order":0,"comment_status":"closed","ping_status":"closed","template":"elementor_header_footer","meta":{"_acf_changed":false,"footnotes":""},"class_list":["post-827","page","type-page","status-publish","hentry"],"acf":[],"_links":{"self":[{"href":"https:\/\/phytodis.ma\/en\/wp-json\/wp\/v2\/pages\/827","targetHints":{"allow":["GET"]}}],"collection":[{"href":"https:\/\/phytodis.ma\/en\/wp-json\/wp\/v2\/pages"}],"about":[{"href":"https:\/\/phytodis.ma\/en\/wp-json\/wp\/v2\/types\/page"}],"author":[{"embeddable":true,"href":"https:\/\/phytodis.ma\/en\/wp-json\/wp\/v2\/users\/1"}],"replies":[{"embeddable":true,"href":"https:\/\/phytodis.ma\/en\/wp-json\/wp\/v2\/comments?post=827"}],"version-history":[{"count":9,"href":"https:\/\/phytodis.ma\/en\/wp-json\/wp\/v2\/pages\/827\/revisions"}],"predecessor-version":[{"id":1419,"href":"https:\/\/phytodis.ma\/en\/wp-json\/wp\/v2\/pages\/827\/revisions\/1419"}],"wp:attachment":[{"href":"https:\/\/phytodis.ma\/en\/wp-json\/wp\/v2\/media?parent=827"}],"curies":[{"name":"wp","href":"https:\/\/api.w.org\/{rel}","templated":true}]}}